{"id":93,"date":"2016-10-07T22:50:36","date_gmt":"2016-10-07T22:50:36","guid":{"rendered":"https:\/\/avcservicio.com\/?page_id=93"},"modified":"2016-12-27T06:46:54","modified_gmt":"2016-12-27T06:46:54","slug":"experiencia","status":"publish","type":"page","link":"https:\/\/avcservicio.com\/index.php\/experiencia\/","title":{"rendered":"Experiencia"},"content":{"rendered":"<p>[et_pb_section transparent_background=&#8221;off&#8221; allow_player_pause=&#8221;off&#8221; inner_shadow=&#8221;off&#8221; parallax=&#8221;off&#8221; parallax_method=&#8221;on&#8221; padding_mobile=&#8221;off&#8221; make_fullwidth=&#8221;off&#8221; use_custom_width=&#8221;off&#8221; width_unit=&#8221;off&#8221; custom_width_px=&#8221;1080px&#8221; custom_width_percent=&#8221;80%&#8221; make_equal=&#8221;off&#8221; use_custom_gutter=&#8221;off&#8221; fullwidth=&#8221;off&#8221; specialty=&#8221;off&#8221; admin_label=&#8221;section&#8221; disabled=&#8221;off&#8221;][et_pb_row make_fullwidth=&#8221;off&#8221; use_custom_width=&#8221;off&#8221; width_unit=&#8221;off&#8221; custom_width_px=&#8221;1080px&#8221; custom_width_percent=&#8221;80%&#8221; use_custom_gutter=&#8221;off&#8221; gutter_width=&#8221;3&#8243; custom_padding=&#8221;25.5938px|0px|0px|0px&#8221; padding_mobile=&#8221;off&#8221; allow_player_pause=&#8221;off&#8221; parallax=&#8221;off&#8221; parallax_method=&#8221;on&#8221; make_equal=&#8221;off&#8221; column_padding_mobile=&#8221;on&#8221; parallax_1=&#8221;off&#8221; parallax_method_1=&#8221;on&#8221; parallax_2=&#8221;off&#8221; parallax_method_2=&#8221;on&#8221; parallax_3=&#8221;off&#8221; parallax_method_3=&#8221;on&#8221; parallax_4=&#8221;off&#8221; parallax_method_4=&#8221;on&#8221; admin_label=&#8221;row&#8221; disabled=&#8221;off&#8221;][et_pb_column type=&#8221;3_4&#8243; disabled=&#8221;off&#8221; parallax=&#8221;off&#8221; parallax_method=&#8221;on&#8221; column_padding_mobile=&#8221;on&#8221;][et_pb_text background_layout=&#8221;light&#8221; text_orientation=&#8221;left&#8221; admin_label=&#8221;Text&#8221; header_font_size=&#8221;27px&#8221; text_font_size=&#8221;21px&#8221; use_border_color=&#8221;off&#8221; border_style=&#8221;solid&#8221; disabled=&#8221;off&#8221;]<\/p>\n<p>Ing. IGNACIO ALEJANDRO DE AGUINAGA MENDOZA<\/p>\n<p>Naci\u00f3 en: Guadalajara JAL. 26 feb 1954<\/p>\n<p style=\"text-align: justify;\"><strong>Especialidades: DISE\u00d1O, VENTA, INSTALACION Y MANTENIMIENTO. <\/strong><\/p>\n<p style=\"text-align: justify;\">Audio ,Video,Iluminacion Professional, Pantallas Led,Rayos Laser<\/p>\n<p style=\"text-align: justify;\">SOLUCIONES ACUSTICAS<\/p>\n<p style=\"text-align: justify;\"><strong>ULTIMOS DIEZ A\u00d1OS<\/strong><\/p>\n<p style=\"text-align: justify;\">Dise\u00f1o e instalaci\u00f3n en diferentes foros para eventos religiosos, equipos fijos y provisionales.<\/p>\n<p style=\"text-align: justify;\"><strong>Tec de Chapala. \u00a0 \u00a0 \u00a0 \u00a0 \u00a0 Enlace TV<\/strong><\/p>\n<p style=\"text-align: justify;\"><strong>CABO WABO<\/strong> Cabo San Lucas BC<\/p>\n<p style=\"text-align: justify;\">Hotel <strong>Paradise Village<\/strong> Nvo Vallarta Jal.<\/p>\n<p style=\"text-align: justify;\"><strong>Dise\u00f1o e instalaci\u00f3n .<\/strong><\/p>\n<p style=\"text-align: justify;\">Centro de entretenimiento<strong> LEVEL<\/strong> para 1800 Prs Le\u00f3n Gto.<\/p>\n<p style=\"text-align: justify;\">Centro de eventos sociales<strong> ALBATROS<\/strong> para 2000 prs.<\/p>\n<p style=\"text-align: justify;\">Video Bar<strong> Radio City Hall<\/strong> Zona Rosa \u00a0CDMX<\/p>\n<p style=\"text-align: justify;\"><strong>Tec de Monterrey<\/strong> Olimpiadas regionales en Guadalajara<br \/>\n(Renta y operaci\u00f3n)<\/p>\n<p style=\"text-align: justify;\">Centros de Consumo <strong>PLANETT HOLLYOOD<\/strong><br \/>\nLos cabos ,Cozumel, Pto Vallarta ,Acapulco<\/p>\n<p style=\"text-align: justify;\">Mantenimientos<strong> Hard Rock Caf\u00e9 d.f. y Pto Vallarta.<\/strong><\/p>\n<p style=\"text-align: justify;\"><strong>Arena M\u00e9xico CMLL\u00a0<\/strong><span style=\"font-size: 21px;\">Dise\u00f1o, Proyecto , Instalaci\u00f3n, Mantenimiento,Operaci\u00f3n,musicalizacion.<\/span><\/p>\n<p style=\"text-align: justify;\">Aforo 26,000 durante cinco a\u00f1os seguidos atendiendo lucha libre ,Circo Atayde, campa\u00f1as Pol\u00edticas, eventos artistas, Show Rayo Lazer<\/p>\n<p style=\"text-align: justify;\"><strong>Arena Coliseo<\/strong> (BOX,Luchas)Audio, pantalla video, Instalaci\u00f3n, Operaci\u00f3n, Mantenimiento.<\/p>\n<p style=\"text-align: justify;\">Centro de entretenimiento<strong> C.C.O.PianoVideo bar., Discoteque, Cabaret.<\/strong> Zona Rosa CDMX<\/p>\n<p style=\"text-align: justify;\">Hotel <strong>Camino Real Pto Vallarta<\/strong> Remodelaci\u00f3n Lobby bar.<\/p>\n<p style=\"text-align: justify;\">Dise\u00f1o; Proyecto, Instalaci\u00f3n<br \/>\n<strong>Restaurantes Fridays<\/strong> Video,Audio<\/p>\n<p style=\"text-align: justify;\">Discoteque<strong> BABY,O<\/strong> Pantalla Video<\/p>\n<p style=\"text-align: justify;\">Restaurantes <b>Carlos&amp;Charlies\/Mr Frogs<\/b>\u00a0CDMX, Cuernavaca; Taxco; Cuautla, Ixtapa. Video, Audio.<\/p>\n<p style=\"text-align: justify;\">Centro de conciertos<strong> ROCKS<\/strong>. Plaza Sat\u00e9lite Df. Audio, video, Iluminaci\u00f3n.<\/p>\n<p style=\"text-align: justify;\">Discoteque Priv. <strong>Quetzal<\/strong> Video, Audio.<\/p>\n<p style=\"text-align: justify;\">Front\u00f3n M\u00e9xico<strong> JAI a LAY<\/strong> .Audio.<\/p>\n<p style=\"text-align: justify;\"><strong>SEDENA<\/strong> Auditorio general.<\/p>\n<p style=\"text-align: justify;\">Discoteque privada <strong>VOG<\/strong>. Dise\u00f1o, venta Instalaci\u00f3n; Mantenimiento.<\/p>\n<p style=\"text-align: justify;\">Discoteque privada<strong> JUBILEE<\/strong> Dise\u00f1o.<\/p>\n<p style=\"text-align: justify;\">Discoteque privada. <strong>Adagio<\/strong> Zona sur Df.<\/p>\n<p style=\"text-align: justify;\">Discoteque privada<strong> Gypsie<\/strong> Zona Roza Df.<\/p>\n<p style=\"text-align: justify;\">Hotel <strong>Galer\u00eda Plaza<\/strong> Dise\u00f1o, Mantenimiento.<\/p>\n<p style=\"text-align: justify;\"><strong>Zorba Discos<\/strong> Perisur,Zona Roza mexico df. Dise\u00f1o, instalaci\u00f3n mantenimiento.<\/p>\n<p style=\"text-align: justify;\">Hote<strong>l Camino Real cdmx<\/strong>. Audio, Video. Dise\u00f1o, Venta, Instalaci\u00f3n , Mantenimiento.<\/p>\n<p>[\/et_pb_text][\/et_pb_column][et_pb_column type=&#8221;1_4&#8243; disabled=&#8221;off&#8221; parallax=&#8221;off&#8221; parallax_method=&#8221;on&#8221; column_padding_mobile=&#8221;on&#8221;][et_pb_image src=&#8221;https:\/\/avcservicio.com\/wp-content\/uploads\/2016\/10\/Sin-t\u00edtulo.jpg&#8221; show_in_lightbox=&#8221;off&#8221; url_new_window=&#8221;off&#8221; use_overlay=&#8221;off&#8221; animation=&#8221;fade_in&#8221; sticky=&#8221;off&#8221; align=&#8221;left&#8221; force_fullwidth=&#8221;off&#8221; always_center_on_mobile=&#8221;on&#8221; admin_label=&#8221;Image&#8221; use_border_color=&#8221;off&#8221; border_color=&#8221;#ffffff&#8221; border_width=&#8221;1px&#8221; border_style=&#8221;solid&#8221; disabled=&#8221;off&#8221;] [\/et_pb_image][\/et_pb_column][\/et_pb_row][\/et_pb_section]<\/p>\n","protected":false},"excerpt":{"rendered":"<p>[et_pb_section transparent_background=&#8221;off&#8221; allow_player_pause=&#8221;off&#8221; inner_shadow=&#8221;off&#8221; parallax=&#8221;off&#8221; parallax_method=&#8221;on&#8221; padding_mobile=&#8221;off&#8221; make_fullwidth=&#8221;off&#8221; use_custom_width=&#8221;off&#8221; width_unit=&#8221;off&#8221; custom_width_px=&#8221;1080px&#8221; custom_width_percent=&#8221;80%&#8221; make_equal=&#8221;off&#8221; use_custom_gutter=&#8221;off&#8221; fullwidth=&#8221;off&#8221; specialty=&#8221;off&#8221; admin_label=&#8221;section&#8221; disabled=&#8221;off&#8221;][et_pb_row make_fullwidth=&#8221;off&#8221; use_custom_width=&#8221;off&#8221; width_unit=&#8221;off&#8221; custom_width_px=&#8221;1080px&#8221; custom_width_percent=&#8221;80%&#8221; use_custom_gutter=&#8221;off&#8221; gutter_width=&#8221;3&#8243; custom_padding=&#8221;25.5938px|0px|0px|0px&#8221; padding_mobile=&#8221;off&#8221; allow_player_pause=&#8221;off&#8221; parallax=&#8221;off&#8221; parallax_method=&#8221;on&#8221; make_equal=&#8221;off&#8221; column_padding_mobile=&#8221;on&#8221; parallax_1=&#8221;off&#8221; parallax_method_1=&#8221;on&#8221; parallax_2=&#8221;off&#8221; parallax_method_2=&#8221;on&#8221; parallax_3=&#8221;off&#8221; parallax_method_3=&#8221;on&#8221; parallax_4=&#8221;off&#8221; parallax_method_4=&#8221;on&#8221; admin_label=&#8221;row&#8221; disabled=&#8221;off&#8221;][et_pb_column type=&#8221;3_4&#8243; disabled=&#8221;off&#8221; parallax=&#8221;off&#8221; parallax_method=&#8221;on&#8221; column_padding_mobile=&#8221;on&#8221;][et_pb_text background_layout=&#8221;light&#8221; text_orientation=&#8221;left&#8221; admin_label=&#8221;Text&#8221; header_font_size=&#8221;27px&#8221; text_font_size=&#8221;21px&#8221; use_border_color=&#8221;off&#8221; border_style=&#8221;solid&#8221; disabled=&#8221;off&#8221;] [&hellip;]<\/p>\n","protected":false},"author":1,"featured_media":0,"parent":0,"menu_order":0,"comment_status":"closed","ping_status":"closed","template":"","meta":[],"_links":{"self":[{"href":"https:\/\/avcservicio.com\/index.php\/wp-json\/wp\/v2\/pages\/93"}],"collection":[{"href":"https:\/\/avcservicio.com\/index.php\/wp-json\/wp\/v2\/pages"}],"about":[{"href":"https:\/\/avcservicio.com\/index.php\/wp-json\/wp\/v2\/types\/page"}],"author":[{"embeddable":true,"href":"https:\/\/avcservicio.com\/index.php\/wp-json\/wp\/v2\/users\/1"}],"replies":[{"embeddable":true,"href":"https:\/\/avcservicio.com\/index.php\/wp-json\/wp\/v2\/comments?post=93"}],"version-history":[{"count":14,"href":"https:\/\/avcservicio.com\/index.php\/wp-json\/wp\/v2\/pages\/93\/revisions"}],"predecessor-version":[{"id":369,"href":"https:\/\/avcservicio.com\/index.php\/wp-json\/wp\/v2\/pages\/93\/revisions\/369"}],"wp:attachment":[{"href":"https:\/\/avcservicio.com\/index.php\/wp-json\/wp\/v2\/media?parent=93"}],"curies":[{"name":"wp","href":"https:\/\/api.w.org\/{rel}","templated":true}]}}